{"id":132,"date":"2018-05-25T05:53:15","date_gmt":"2018-05-25T05:53:15","guid":{"rendered":"http:\/\/rarathemesdemo.com\/elegant-portfolio\/?page_id=132"},"modified":"2022-07-02T08:26:06","modified_gmt":"2022-07-02T08:26:06","slug":"kontaktai","status":"publish","type":"page","link":"https:\/\/sportotestai.lt\/en\/kontaktai\/","title":{"rendered":"Contacts"},"content":{"rendered":"<div role=\"form\" class=\"wpcf7\" id=\"wpcf7-f12-o1\" lang=\"lt-LT\" dir=\"ltr\">\n<div class=\"screen-reader-response\"><p role=\"status\" aria-live=\"polite\" aria-atomic=\"true\"><\/p> <ul><\/ul><\/div>\n<form action=\"\/en\/wp-json\/wp\/v2\/pages\/132#wpcf7-f12-o1\" method=\"post\" class=\"wpcf7-form init\" novalidate=\"novalidate\" data-status=\"init\" data-trp-original-action=\"\/en\/wp-json\/wp\/v2\/pages\/132#wpcf7-f12-o1\">\n<div style=\"display: none;\">\n<input type=\"hidden\" name=\"_wpcf7\" value=\"12\" \/>\n<input type=\"hidden\" name=\"_wpcf7_version\" value=\"5.6.3\" \/>\n<input type=\"hidden\" name=\"_wpcf7_locale\" value=\"lt_LT\" \/>\n<input type=\"hidden\" name=\"_wpcf7_unit_tag\" value=\"wpcf7-f12-o1\" \/>\n<input type=\"hidden\" name=\"_wpcf7_container_post\" value=\"0\" \/>\n<input type=\"hidden\" name=\"_wpcf7_posted_data_hash\" value=\"\" \/>\n<\/div>\n<p><label> Full name<br \/>\n    <span class=\"wpcf7-form-control-wrap\" data-name=\"your-name\"><input type=\"text\" name=\"your-name\" value=\"\" size=\"40\" class=\"wpcf7-form-control wpcf7-text wpcf7-validates-as-required\" aria-required=\"true\" aria-invalid=\"false\" \/><\/span> <\/label><\/p>\n<p><label> E-mail<br \/>\n    <span class=\"wpcf7-form-control-wrap\" data-name=\"your-email\"><input type=\"email\" name=\"your-email\" value=\"\" size=\"40\" class=\"wpcf7-form-control wpcf7-text wpcf7-email wpcf7-validates-as-required wpcf7-validates-as-email\" aria-required=\"true\" aria-invalid=\"false\" \/><\/span> <\/label><\/p>\n<p><label> Subject<br \/>\n    <span class=\"wpcf7-form-control-wrap\" data-name=\"your-subject\"><input type=\"text\" name=\"your-subject\" value=\"\" size=\"40\" class=\"wpcf7-form-control wpcf7-text wpcf7-validates-as-required\" aria-required=\"true\" aria-invalid=\"false\" \/><\/span> <\/label><\/p>\n<p><label> Message<br \/>\n    <span class=\"wpcf7-form-control-wrap\" data-name=\"your-message\"><textarea name=\"your-message\" cols=\"40\" rows=\"10\" class=\"wpcf7-form-control wpcf7-textarea\" aria-invalid=\"false\"><\/textarea><\/span> <\/label><\/p>\n<p><input type=\"submit\" value=\"Send\" class=\"wpcf7-form-control has-spinner wpcf7-submit\" \/><\/p>\n<div class=\"wpcf7-response-output\" aria-hidden=\"true\"><\/div><input type=\"hidden\" name=\"trp-form-language\" value=\"en\"\/><\/form><\/div>","protected":false},"excerpt":{"rendered":"","protected":false},"author":1,"featured_media":0,"parent":0,"menu_order":0,"comment_status":"closed","ping_status":"closed","template":"","meta":[],"acf":[],"yoast_head":"<!-- This site is optimized with the Yoast SEO plugin v19.8 - https:\/\/yoast.com\/wordpress\/plugins\/seo\/ -->\n<title>Kontaktai - SportoTestai.LT<\/title>\n<meta name=\"robots\" content=\"index, follow, max-snippet:-1, max-image-preview:large, max-video-preview:-1\" \/>\n<link rel=\"canonical\" href=\"https:\/\/sportotestai.lt\/en\/kontaktai\/\" \/>\n<meta property=\"og:locale\" content=\"en_GB\" \/>\n<meta property=\"og:type\" content=\"article\" \/>\n<meta property=\"og:title\" content=\"Kontaktai - SportoTestai.LT\" \/>\n<meta property=\"og:url\" content=\"https:\/\/sportotestai.lt\/en\/kontaktai\/\" \/>\n<meta property=\"og:site_name\" content=\"SportoTestai.LT\" \/>\n<meta property=\"article:publisher\" content=\"https:\/\/www.facebook.com\/sportesting\/\" \/>\n<meta property=\"article:modified_time\" content=\"2022-07-02T08:26:06+00:00\" \/>\n<meta name=\"twitter:card\" content=\"summary_large_image\" \/>\n<script type=\"application\/ld+json\" class=\"yoast-schema-graph\">{\"@context\":\"https:\/\/schema.org\",\"@graph\":[{\"@type\":\"WebPage\",\"@id\":\"https:\/\/sportotestai.lt\/kontaktai\/\",\"url\":\"https:\/\/sportotestai.lt\/kontaktai\/\",\"name\":\"Kontaktai - SportoTestai.LT\",\"isPartOf\":{\"@id\":\"https:\/\/sportotestai.lt\/#website\"},\"datePublished\":\"2018-05-25T05:53:15+00:00\",\"dateModified\":\"2022-07-02T08:26:06+00:00\",\"breadcrumb\":{\"@id\":\"https:\/\/sportotestai.lt\/kontaktai\/#breadcrumb\"},\"inLanguage\":\"en-GB\",\"potentialAction\":[{\"@type\":\"ReadAction\",\"target\":[\"https:\/\/sportotestai.lt\/kontaktai\/\"]}]},{\"@type\":\"BreadcrumbList\",\"@id\":\"https:\/\/sportotestai.lt\/kontaktai\/#breadcrumb\",\"itemListElement\":[{\"@type\":\"ListItem\",\"position\":1,\"name\":\"Home\",\"item\":\"https:\/\/sportotestai.lt\/\"},{\"@type\":\"ListItem\",\"position\":2,\"name\":\"Kontaktai\"}]},{\"@type\":\"WebSite\",\"@id\":\"https:\/\/sportotestai.lt\/#website\",\"url\":\"https:\/\/sportotestai.lt\/\",\"name\":\"SportoTestai.LT\",\"description\":\"Efektyvi\u0173 treniruo\u010di\u0173 strategijos\",\"publisher\":{\"@id\":\"https:\/\/sportotestai.lt\/#organization\"},\"potentialAction\":[{\"@type\":\"SearchAction\",\"target\":{\"@type\":\"EntryPoint\",\"urlTemplate\":\"https:\/\/sportotestai.lt\/?s={search_term_string}\"},\"query-input\":\"required name=search_term_string\"}],\"inLanguage\":\"en-GB\"},{\"@type\":\"Organization\",\"@id\":\"https:\/\/sportotestai.lt\/#organization\",\"name\":\"SportoTestai.LT\",\"url\":\"https:\/\/sportotestai.lt\/\",\"sameAs\":[\"https:\/\/www.facebook.com\/sportesting\/\"],\"logo\":{\"@type\":\"ImageObject\",\"inLanguage\":\"en-GB\",\"@id\":\"https:\/\/sportotestai.lt\/#\/schema\/logo\/image\/\",\"url\":\"https:\/\/sportotestai.lt\/wp-content\/uploads\/2022\/06\/cropped-SportoTestai-Vertical-RGB-Full-Colour-Small.png\",\"contentUrl\":\"https:\/\/sportotestai.lt\/wp-content\/uploads\/2022\/06\/cropped-SportoTestai-Vertical-RGB-Full-Colour-Small.png\",\"width\":418,\"height\":418,\"caption\":\"SportoTestai.LT\"},\"image\":{\"@id\":\"https:\/\/sportotestai.lt\/#\/schema\/logo\/image\/\"}}]}<\/script>\n<!-- \/ Yoast SEO plugin. -->","yoast_head_json":{"title":"Kontaktai - SportoTestai.LT","robots":{"index":"index","follow":"follow","max-snippet":"max-snippet:-1","max-image-preview":"max-image-preview:large","max-video-preview":"max-video-preview:-1"},"canonical":"https:\/\/sportotestai.lt\/en\/kontaktai\/","og_locale":"en_GB","og_type":"article","og_title":"Kontaktai - SportoTestai.LT","og_url":"https:\/\/sportotestai.lt\/en\/kontaktai\/","og_site_name":"SportoTestai.LT","article_publisher":"https:\/\/www.facebook.com\/sportesting\/","article_modified_time":"2022-07-02T08:26:06+00:00","twitter_card":"summary_large_image","schema":{"@context":"https:\/\/schema.org","@graph":[{"@type":"WebPage","@id":"https:\/\/sportotestai.lt\/kontaktai\/","url":"https:\/\/sportotestai.lt\/kontaktai\/","name":"Kontaktai - SportoTestai.LT","isPartOf":{"@id":"https:\/\/sportotestai.lt\/#website"},"datePublished":"2018-05-25T05:53:15+00:00","dateModified":"2022-07-02T08:26:06+00:00","breadcrumb":{"@id":"https:\/\/sportotestai.lt\/kontaktai\/#breadcrumb"},"inLanguage":"en-GB","potentialAction":[{"@type":"ReadAction","target":["https:\/\/sportotestai.lt\/kontaktai\/"]}]},{"@type":"BreadcrumbList","@id":"https:\/\/sportotestai.lt\/kontaktai\/#breadcrumb","itemListElement":[{"@type":"ListItem","position":1,"name":"Home","item":"https:\/\/sportotestai.lt\/"},{"@type":"ListItem","position":2,"name":"Kontaktai"}]},{"@type":"WebSite","@id":"https:\/\/sportotestai.lt\/#website","url":"https:\/\/sportotestai.lt\/","name":"SportoTestai.LT","description":"Efektyvi\u0173 treniruo\u010di\u0173 strategijos","publisher":{"@id":"https:\/\/sportotestai.lt\/#organization"},"potentialAction":[{"@type":"SearchAction","target":{"@type":"EntryPoint","urlTemplate":"https:\/\/sportotestai.lt\/?s={search_term_string}"},"query-input":"required name=search_term_string"}],"inLanguage":"en-GB"},{"@type":"Organization","@id":"https:\/\/sportotestai.lt\/#organization","name":"SportoTestai.LT","url":"https:\/\/sportotestai.lt\/","sameAs":["https:\/\/www.facebook.com\/sportesting\/"],"logo":{"@type":"ImageObject","inLanguage":"en-GB","@id":"https:\/\/sportotestai.lt\/#\/schema\/logo\/image\/","url":"https:\/\/sportotestai.lt\/wp-content\/uploads\/2022\/06\/cropped-SportoTestai-Vertical-RGB-Full-Colour-Small.png","contentUrl":"https:\/\/sportotestai.lt\/wp-content\/uploads\/2022\/06\/cropped-SportoTestai-Vertical-RGB-Full-Colour-Small.png","width":418,"height":418,"caption":"SportoTestai.LT"},"image":{"@id":"https:\/\/sportotestai.lt\/#\/schema\/logo\/image\/"}}]}},"_links":{"self":[{"href":"https:\/\/sportotestai.lt\/en\/wp-json\/wp\/v2\/pages\/132"}],"collection":[{"href":"https:\/\/sportotestai.lt\/en\/wp-json\/wp\/v2\/pages"}],"about":[{"href":"https:\/\/sportotestai.lt\/en\/wp-json\/wp\/v2\/types\/page"}],"author":[{"embeddable":true,"href":"https:\/\/sportotestai.lt\/en\/wp-json\/wp\/v2\/users\/1"}],"replies":[{"embeddable":true,"href":"https:\/\/sportotestai.lt\/en\/wp-json\/wp\/v2\/comments?post=132"}],"version-history":[{"count":2,"href":"https:\/\/sportotestai.lt\/en\/wp-json\/wp\/v2\/pages\/132\/revisions"}],"predecessor-version":[{"id":832,"href":"https:\/\/sportotestai.lt\/en\/wp-json\/wp\/v2\/pages\/132\/revisions\/832"}],"wp:attachment":[{"href":"https:\/\/sportotestai.lt\/en\/wp-json\/wp\/v2\/media?parent=132"}],"curies":[{"name":"wp","href":"https:\/\/api.w.org\/{rel}","templated":true}]}}